{"id":124,"date":"2018-04-04T11:02:40","date_gmt":"2018-04-04T14:02:40","guid":{"rendered":"http:\/\/www.colegiowrj.com.br\/site\/?page_id=124"},"modified":"2018-04-30T14:51:21","modified_gmt":"2018-04-30T17:51:21","slug":"outras-informacoes","status":"publish","type":"page","link":"https:\/\/www.colegiowrj.com.br\/site\/outras-informacoes\/","title":{"rendered":"Outras Informa\u00e7\u00f5es"},"content":{"rendered":"<div class=\"tx_content\">\r\n<h2><\/h2>\r\n<h2>Circuito interno de c\u00e2meras de vigil\u00e2ncia<\/h2>\r\n<div class=\"processo\">\r\n\r\nO Col\u00e9gio WRJ tem um circuito interno de c\u00e2meras para garantir uma maior seguran\u00e7a de pais, alunos e professores. As imagens N\u00c3O s\u00e3o monitoradas continuamente. Ser\u00e3o analisadas, somente em casos extremos, para a resolu\u00e7\u00e3o de problemas. Em hip\u00f3tese alguma os pais poder\u00e3o assistir \u00e0s aulas dos filhos, nem mesmo atrav\u00e9s das c\u00e2meras.\r\n<h3><\/h3>\r\n<h3><strong>VALORES DOS CURSOS:<\/strong><\/h3>\r\n&nbsp;\r\n\r\n&gt; 6\u00b0 e 7\u00b0 anos: R$ 16.800,00 (dezesseis mil e oitocentos reais) dividido em 12 (doze) parcelas de R$ 1.400,00 (hum mil e quatrocentos\u00a0reais).\r\n\r\n&nbsp;\r\n\r\n&gt; 8\u00b0 e 9\u00b0 anos: R$ 17.400,00 (dezessete\u00a0mil e quatrocentos\u00a0reais) dividido em 12 (doze) parcelas de R$ 1.450,00 (hum mil quatrocentos e cinquenta reais)\r\n\r\n&nbsp;\r\n\r\n<em>*O Col\u00e9gio WRJ se reserva o direito de alterar os valores informados, at\u00e9 o in\u00edcio do ano letivo, caso\u00a0<\/em>a infla\u00e7\u00e3o de 2017 ultrapasse a meta estabelecida pelo Banco Central.\r\n<h2 class=\"processo\"><\/h2>\r\n<strong>Os uniformes ser\u00e3o produzidos e comercializados pela Soneto Uniformes.<\/strong>\r\n<strong> Os livros ser\u00e3o adquiridos nas papelarias e livrarias.<\/strong>\r\n\r\n<\/div>\r\n<\/div>","protected":false},"excerpt":{"rendered":"<p>Circuito interno de c\u00e2meras de vigil\u00e2ncia O Col\u00e9gio WRJ tem um circuito interno de c\u00e2meras para garantir uma maior seguran\u00e7a de pais, alunos e professores. As imagens N\u00c3O s\u00e3o monitoradas continuamente. Ser\u00e3o analisadas, somente em casos extremos, para a resolu\u00e7\u00e3o de problemas. Em hip\u00f3tese alguma os pais poder\u00e3o assistir \u00e0s aulas dos filhos, nem mesmo [&hellip;]<\/p>\n","protected":false},"author":5,"featured_media":0,"parent":0,"menu_order":0,"comment_status":"closed","ping_status":"closed","template":"","meta":{"_acf_changed":false,"footnotes":""},"class_list":["post-124","page","type-page","status-publish","hentry"],"acf":[],"_links":{"self":[{"href":"https:\/\/www.colegiowrj.com.br\/site\/wp-json\/wp\/v2\/pages\/124","targetHints":{"allow":["GET"]}}],"collection":[{"href":"https:\/\/www.colegiowrj.com.br\/site\/wp-json\/wp\/v2\/pages"}],"about":[{"href":"https:\/\/www.colegiowrj.com.br\/site\/wp-json\/wp\/v2\/types\/page"}],"author":[{"embeddable":true,"href":"https:\/\/www.colegiowrj.com.br\/site\/wp-json\/wp\/v2\/users\/5"}],"replies":[{"embeddable":true,"href":"https:\/\/www.colegiowrj.com.br\/site\/wp-json\/wp\/v2\/comments?post=124"}],"version-history":[{"count":9,"href":"https:\/\/www.colegiowrj.com.br\/site\/wp-json\/wp\/v2\/pages\/124\/revisions"}],"predecessor-version":[{"id":816,"href":"https:\/\/www.colegiowrj.com.br\/site\/wp-json\/wp\/v2\/pages\/124\/revisions\/816"}],"wp:attachment":[{"href":"https:\/\/www.colegiowrj.com.br\/site\/wp-json\/wp\/v2\/media?parent=124"}],"curies":[{"name":"wp","href":"https:\/\/api.w.org\/{rel}","templated":true}]}}